{"id":4453,"date":"2025-09-08T23:52:17","date_gmt":"2025-09-08T23:52:17","guid":{"rendered":"https:\/\/clixvo.com\/?post_type=product&#038;p=4453"},"modified":"2025-10-25T11:25:07","modified_gmt":"2025-10-25T11:25:07","slug":"demarrage","status":"publish","type":"product","link":"https:\/\/clixvo.com\/sv\/product\/demarrage\/","title":{"rendered":"SEO- och digital marknadsf\u00f6ringsplan (Start)"},"content":{"rendered":"<p>Komplett inneh\u00e5llspaket f\u00f6r sociala medier<\/p>\n<p>St\u00e4rk er n\u00e4rvaro online med v\u00e5rt nyckelf\u00e4rdiga paket, utformat f\u00f6r att spara tid och engagera er m\u00e5lgrupp p\u00e5 Instagram, TikTok och andra plattformar.<\/p>\n<p>Det h\u00e4r f\u00e5r ni:<\/p>\n<p>25 f\u00e4rdiga bildtexter f\u00f6r era sociala medier, attraktiva och anpassade till er m\u00e5lgrupp.<\/p>\n<p>10 anpassningsbara mallar f\u00f6r Instagram Stories f\u00f6r att f\u00e5nga era f\u00f6ljares uppm\u00e4rksamhet.<\/p>\n<p>10 id\u00e9er till TikTok-bildtexter f\u00f6r att skapa viralt inneh\u00e5ll och \u00f6ka er synlighet.<\/p>\n<p>Fullst\u00e4ndig m\u00e5natlig inneh\u00e5llskalender, planerad dag f\u00f6r dag f\u00f6r att h\u00e5lla er organiserade och konsekventa.<\/p>\n<p>20 Canva-mallar utformade f\u00f6r ert varum\u00e4rke, enkla att anpassa f\u00f6r att beh\u00e5lla en enhetlig identitet.<\/p>\n<p>\ud83c\udfaf Oavsett om ni \u00e4r entrepren\u00f6r, influencer eller ett litet f\u00f6retag hj\u00e4lper detta paket er att:<\/p>\n<p>Spara tid p\u00e5 inneh\u00e5llsskapande.<\/p>\n<p>Uppr\u00e4tth\u00e5lla en regelbunden och professionell n\u00e4rvaro p\u00e5 sociala medier.<\/p>\n<p>\u00d6ka engagemanget och bygga lojalitet hos er m\u00e5lgrupp.<\/p>","protected":false},"excerpt":{"rendered":"<p>Pack Complet de Contenu pour R\u00e9seaux Sociaux Boostez votre pr\u00e9sence en ligne avec notre pack cl\u00e9 en main, con\u00e7u pour vous faire gagner du temps et engager votre audience sur Instagram, TikTok et autres plateformes. Ce que vous obtenez : 25 l\u00e9gendes pr\u00eates \u00e0 publier pour vos r\u00e9seaux sociaux, attractives et adapt\u00e9es \u00e0 votre audience. [&hellip;]<\/p>\n","protected":false},"featured_media":4454,"comment_status":"open","ping_status":"closed","template":"","meta":{"inline_featured_image":false},"product_brand":[],"product_cat":[62],"product_tag":[],"class_list":{"0":"post-4453","1":"product","2":"type-product","3":"status-publish","4":"has-post-thumbnail","6":"product_cat-seo","8":"first","9":"instock","10":"shipping-taxable","11":"purchasable","12":"product-type-simple"},"aioseo_notices":[],"_links":{"self":[{"href":"https:\/\/clixvo.com\/sv\/wp-json\/wp\/v2\/product\/4453","targetHints":{"allow":["GET"]}}],"collection":[{"href":"https:\/\/clixvo.com\/sv\/wp-json\/wp\/v2\/product"}],"about":[{"href":"https:\/\/clixvo.com\/sv\/wp-json\/wp\/v2\/types\/product"}],"replies":[{"embeddable":true,"href":"https:\/\/clixvo.com\/sv\/wp-json\/wp\/v2\/comments?post=4453"}],"wp:featuredmedia":[{"embeddable":true,"href":"https:\/\/clixvo.com\/sv\/wp-json\/wp\/v2\/media\/4454"}],"wp:attachment":[{"href":"https:\/\/clixvo.com\/sv\/wp-json\/wp\/v2\/media?parent=4453"}],"wp:term":[{"taxonomy":"product_brand","embeddable":true,"href":"https:\/\/clixvo.com\/sv\/wp-json\/wp\/v2\/product_brand?post=4453"},{"taxonomy":"product_cat","embeddable":true,"href":"https:\/\/clixvo.com\/sv\/wp-json\/wp\/v2\/product_cat?post=4453"},{"taxonomy":"product_tag","embeddable":true,"href":"https:\/\/clixvo.com\/sv\/wp-json\/wp\/v2\/product_tag?post=4453"}],"curies":[{"name":"wp","href":"https:\/\/api.w.org\/{rel}","templated":true}]}}