{"id":4460,"date":"2025-09-09T00:11:53","date_gmt":"2025-09-09T00:11:53","guid":{"rendered":"https:\/\/clixvo.com\/?post_type=product&#038;p=4460"},"modified":"2025-10-25T11:24:44","modified_gmt":"2025-10-25T11:24:44","slug":"croissance","status":"publish","type":"product","link":"https:\/\/clixvo.com\/sv\/product\/croissance\/","title":{"rendered":"SEO- och digital marknadsf\u00f6ringsplan (Tillv\u00e4xt)"},"content":{"rendered":"<p>Ultimativt paket f\u00f6r inneh\u00e5ll och marknadsf\u00f6ring f\u00f6r sociala medier<\/p>\n<p>St\u00e4rk er n\u00e4rvaro online och spara tid med v\u00e5rt kompletta nyckelf\u00e4rdiga inneh\u00e5llspaket, utformat f\u00f6r entrepren\u00f6rer, influencers och sm\u00e5 f\u00f6retag som vill skapa genomslag p\u00e5 sociala medier och f\u00f6rb\u00e4ttra sin synlighet online.<\/p>\n<p>Det h\u00e4r f\u00e5r ni:<\/p>\n<p>25 f\u00e4rdiga bildtexter f\u00f6r era sociala medier, engagerande och anpassade till er m\u00e5lgrupp.<\/p>\n<p>10 anpassningsbara mallar f\u00f6r Instagram Stories f\u00f6r att f\u00e5nga era f\u00f6ljares uppm\u00e4rksamhet.<\/p>\n<p>10 id\u00e9er till TikTok-bildtexter f\u00f6r att skapa viralt inneh\u00e5ll och n\u00e5 en bredare publik.<\/p>\n<p>Fullst\u00e4ndig m\u00e5natlig inneh\u00e5llskalender, planerad dag f\u00f6r dag f\u00f6r att h\u00e5lla er organiserade och konsekventa i era publiceringar.<\/p>\n<p>20 Canva-mallar utformade f\u00f6r ert varum\u00e4rke, enkla att anpassa f\u00f6r att beh\u00e5lla en enhetlig visuell identitet.<\/p>\n<p>50 s\u00f6kordsf\u00f6rslag, baserade p\u00e5 djupg\u00e5ende research, f\u00f6r att f\u00f6rb\u00e4ttra er synlighet och den organiska r\u00e4ckvidden f\u00f6r era inl\u00e4gg.<\/p>\n<p>Prioriterad e-postsupport f\u00f6r att besvara era fr\u00e5gor och hj\u00e4lpa er att anv\u00e4nda paketet.<\/p>\n<p>5 SEO-optimerade dispositioner f\u00f6r bloggartiklar, utformade f\u00f6r att hj\u00e4lpa er webbplats att ranka p\u00e5 Google och attrahera mer trafik.<\/p>\n<p>\ud83c\udfaf Varf\u00f6r detta paket \u00e4r oumb\u00e4rligt:<\/p>\n<p>Spara tid p\u00e5 inneh\u00e5llsskapande.<\/p>\n<p>Beh\u00e5ll en regelbunden och professionell n\u00e4rvaro p\u00e5 alla era sociala medier.<\/p>\n<p>Optimera er synlighet p\u00e5 s\u00f6km<\/p>\n<p>Engagera och beh\u00e5ll er m\u00e5lgrupp med hj\u00e4lp av attraktivt och varierat inneh\u00e5ll.<\/p>\n<p>Detta paket \u00e4r idealiskt f\u00f6r alla som vill professionalisera sin kommunikation online samtidigt som den f\u00f6rblir enkel och effektiv. Med detta f\u00e4rdiga inneh\u00e5ll kan ni b\u00f6rja publicera direkt och fokusera er energi p\u00e5 att utveckla er verksamhet.<\/p>","protected":false},"excerpt":{"rendered":"<p>Pack Ultime de Contenu et Marketing pour R\u00e9seaux Sociaux Boostez votre pr\u00e9sence en ligne et gagnez du temps avec notre pack complet de contenu cl\u00e9 en main, con\u00e7u pour les entrepreneurs, influenceurs et petites entreprises qui veulent cr\u00e9er un impact sur les r\u00e9seaux sociaux et am\u00e9liorer leur visibilit\u00e9 en ligne. Ce que vous obtenez : [&hellip;]<\/p>\n","protected":false},"featured_media":4454,"comment_status":"open","ping_status":"closed","template":"","meta":{"inline_featured_image":false},"product_brand":[],"product_cat":[62],"product_tag":[],"class_list":{"0":"post-4460","1":"product","2":"type-product","3":"status-publish","4":"has-post-thumbnail","6":"product_cat-seo","8":"first","9":"instock","10":"shipping-taxable","11":"purchasable","12":"product-type-simple"},"aioseo_notices":[],"_links":{"self":[{"href":"https:\/\/clixvo.com\/sv\/wp-json\/wp\/v2\/product\/4460","targetHints":{"allow":["GET"]}}],"collection":[{"href":"https:\/\/clixvo.com\/sv\/wp-json\/wp\/v2\/product"}],"about":[{"href":"https:\/\/clixvo.com\/sv\/wp-json\/wp\/v2\/types\/product"}],"replies":[{"embeddable":true,"href":"https:\/\/clixvo.com\/sv\/wp-json\/wp\/v2\/comments?post=4460"}],"wp:featuredmedia":[{"embeddable":true,"href":"https:\/\/clixvo.com\/sv\/wp-json\/wp\/v2\/media\/4454"}],"wp:attachment":[{"href":"https:\/\/clixvo.com\/sv\/wp-json\/wp\/v2\/media?parent=4460"}],"wp:term":[{"taxonomy":"product_brand","embeddable":true,"href":"https:\/\/clixvo.com\/sv\/wp-json\/wp\/v2\/product_brand?post=4460"},{"taxonomy":"product_cat","embeddable":true,"href":"https:\/\/clixvo.com\/sv\/wp-json\/wp\/v2\/product_cat?post=4460"},{"taxonomy":"product_tag","embeddable":true,"href":"https:\/\/clixvo.com\/sv\/wp-json\/wp\/v2\/product_tag?post=4460"}],"curies":[{"name":"wp","href":"https:\/\/api.w.org\/{rel}","templated":true}]}}