{"id":4461,"date":"2025-09-09T00:14:01","date_gmt":"2025-09-09T00:14:01","guid":{"rendered":"https:\/\/clixvo.com\/?post_type=product&#038;p=4461"},"modified":"2025-10-25T11:23:03","modified_gmt":"2025-10-25T11:23:03","slug":"pro","status":"publish","type":"product","link":"https:\/\/clixvo.com\/sv\/product\/pro\/","title":{"rendered":"SEO- och digital marknadsf\u00f6ringsplan (Pro)"},"content":{"rendered":"<p>Premium-paket f\u00f6r marknadsf\u00f6ring och inneh\u00e5ll \u2013 sociala medier och SEO<\/p>\n<p>F\u00f6rvandla er n\u00e4rvaro online med v\u00e5rt allt-i-ett-paket, utformat f\u00f6r att st\u00e4rka era sociala medier<\/p>\n<p>Det h\u00e4r f\u00e5r ni:<\/p>\n<p>25 f\u00e4rdiga bildtexter f\u00f6r era sociala medier, anpassade till er m\u00e5lgrupp och redo att f\u00e5nga uppm\u00e4rksamheten.<\/p>\n<p>10 anpassningsbara mallar f\u00f6r Instagram Stories f\u00f6r att st\u00e4rka er visuella identitet.<\/p>\n<p>10 id\u00e9er till TikTok-bildtexter f\u00f6r att skapa viralt inneh\u00e5ll och \u00f6ka er synlighet.<\/p>\n<p>Fullst\u00e4ndig m\u00e5natlig inneh\u00e5llskalender, planerad dag f\u00f6r dag f\u00f6r att h\u00e5lla era publiceringar konsekventa.<\/p>\n<p>20 Canva-mallar utformade f\u00f6r ert varum\u00e4rke, enkla att anpassa.<\/p>\n<p>50 s\u00f6kordsf\u00f6rslag baserade p\u00e5 djupg\u00e5ende research f\u00f6r att f\u00f6rb\u00e4ttra er synlighet och er SEO.<\/p>\n<p>Prioriterad e-postsupport f\u00f6r alla era fr\u00e5gor och behov av hj\u00e4lp.<\/p>\n<p>5 SEO-optimerade dispositioner f\u00f6r bloggartiklar f\u00f6r att driva trafik och f\u00f6rb\u00e4ttra er webbplats ranking p\u00e5 Google.<\/p>\n<p>Fullst\u00e4ndig rapport f\u00f6r on-page SEO: teknisk granskning och inneh\u00e5llsanalys f\u00f6r att identifiera och \u00e5tg\u00e4rda svagheterna p\u00e5 er webbplats.<\/p>\n<p>5 f\u00e4rdiga annonsbanners f\u00f6r Google Ads och Facebook Ads.<\/p>\n<p>Komplett varum\u00e4rkesguide: f\u00e4rger, typsnitt och mallar f\u00f6r att uppr\u00e4tth\u00e5lla en enhetlig identitet.<\/p>\n<p>Komplett annonshantering (Google + Facebook Ads): kampanjinst\u00e4llning, m\u00e5lgruppsinriktning, annonsmaterial och hantering av upp till 300 \u20ac i annonsbudget ing\u00e5r.<\/p>\n<p>\ud83c\udfaf Varf\u00f6r v\u00e4lja detta paket:<\/p>\n<p>Spara v\u00e4rdefull tid med f\u00e4rdigt inneh\u00e5ll och anpassningsbara mallar.<\/p>\n<p>Beh\u00e5ll en professionell och enhetlig n\u00e4rvaro p\u00e5 alla era sociala medier.<\/p>\n<p>\u00d6ka er synlighet online genom SEO-optimering och strategiska s\u00f6kord.<\/p>\n<p>Lansera era reklamkampanjer effektivt med komplett st\u00f6d och en hanterad budget f\u00f6r maximal effekt.<\/p>\n<p>Skapa en stark och enhetlig varum\u00e4rkesidentitet med tydliga guider och mallar.<\/p>\n<p>Detta paket \u00e4r idealiskt f\u00f6r alla som vill professionalisera sin digitala kommunikation, maximera sin synlighet och f\u00e5 ett komplett st\u00f6d f\u00f6r sin marknadsf\u00f6ring online. Med detta paket har ni allt ni beh\u00f6ver f\u00f6r att publicera, marknadsf\u00f6ra och prestera redan nu.<\/p>","protected":false},"excerpt":{"rendered":"<p>Pack Marketing et Contenu Premium \u2013 R\u00e9seaux Sociaux &#038; SEO Transformez votre pr\u00e9sence en ligne avec notre pack tout-en-un con\u00e7u pour booster vos r\u00e9seaux sociaux, optimiser votre SEO, cr\u00e9er du contenu engageant et g\u00e9rer vos publicit\u00e9s. Id\u00e9al pour entrepreneurs, influenceurs et petites entreprises souhaitant un accompagnement complet et professionnel. Ce que vous obtenez : 25 [&hellip;]<\/p>\n","protected":false},"featured_media":4454,"comment_status":"open","ping_status":"closed","template":"","meta":{"inline_featured_image":false},"product_brand":[],"product_cat":[62],"product_tag":[],"class_list":{"0":"post-4461","1":"product","2":"type-product","3":"status-publish","4":"has-post-thumbnail","6":"product_cat-seo","8":"first","9":"instock","10":"shipping-taxable","11":"purchasable","12":"product-type-simple"},"aioseo_notices":[],"_links":{"self":[{"href":"https:\/\/clixvo.com\/sv\/wp-json\/wp\/v2\/product\/4461","targetHints":{"allow":["GET"]}}],"collection":[{"href":"https:\/\/clixvo.com\/sv\/wp-json\/wp\/v2\/product"}],"about":[{"href":"https:\/\/clixvo.com\/sv\/wp-json\/wp\/v2\/types\/product"}],"replies":[{"embeddable":true,"href":"https:\/\/clixvo.com\/sv\/wp-json\/wp\/v2\/comments?post=4461"}],"wp:featuredmedia":[{"embeddable":true,"href":"https:\/\/clixvo.com\/sv\/wp-json\/wp\/v2\/media\/4454"}],"wp:attachment":[{"href":"https:\/\/clixvo.com\/sv\/wp-json\/wp\/v2\/media?parent=4461"}],"wp:term":[{"taxonomy":"product_brand","embeddable":true,"href":"https:\/\/clixvo.com\/sv\/wp-json\/wp\/v2\/product_brand?post=4461"},{"taxonomy":"product_cat","embeddable":true,"href":"https:\/\/clixvo.com\/sv\/wp-json\/wp\/v2\/product_cat?post=4461"},{"taxonomy":"product_tag","embeddable":true,"href":"https:\/\/clixvo.com\/sv\/wp-json\/wp\/v2\/product_tag?post=4461"}],"curies":[{"name":"wp","href":"https:\/\/api.w.org\/{rel}","templated":true}]}}